{"id":7917,"date":"2020-12-09T22:52:50","date_gmt":"2021-01-10T19:39:35","guid":{"rendered":"https:\/\/raduart.com\/?post_type=product&#038;p=7917"},"modified":"2024-10-03T21:05:56","modified_gmt":"2024-10-03T19:05:56","slug":"radu-maier-vale-alta-2-tablou-pictat","status":"publish","type":"product","link":"https:\/\/raduart.com\/ro\/opere-de-arta\/radu-maier-vale-alta-2-tablou-pictat\/","title":{"rendered":"Radu Maier: &#8222;Vale alta II&#8221; (2019)"},"content":{"rendered":"<h3>DESPRE ARTIST<\/h3>\n<p>\u2022 Pictor contemporan consacrat<br \/>\n\u2022 Laureat al mai multor premii cultural-artistice<br \/>\n\u2192 <a title=\"Despre pictorul Radu Maier\" href=\"https:\/\/raduart.com\/ro\/pictorul-roman-contemporan-radu-maier\/\">Portret de artist<\/a><\/p>\n<h3>AVE\u021aI \u00ceNTREB\u0102RI?<\/h3>\n<p>Cele mai frecvente \u00eentrebar\u0103 \u0219i r\u0103spunsuri.<br \/>\n<a class=\"woo-continue width\" title=\"\u00centreb\u0103ri despre picturi pe p\u00e2nz\u0103\" href=\"https:\/\/raduart.com\/ro\/faq-tablouri-de-vanzare-online\/\">\u2192 FAQ<\/a><\/p>\n","protected":false},"excerpt":{"rendered":"<p>DESPRE ARTIST \u2022 Pictor contemporan consacrat \u2022 Laureat al mai multor premii cultural-artistice \u2192 Portret de artist AVE\u021aI \u00ceNTREB\u0102RI? Cele mai frecvente \u00eentrebar\u0103 \u0219i r\u0103spunsuri. \u2192 FAQ<\/p>\n","protected":false},"featured_media":5424,"template":"","meta":{"_acf_changed":false,"pgc_sgb_lightbox_settings":""},"product_brand":[],"product_cat":[50],"product_tag":[],"class_list":{"0":"post-7917","1":"product","2":"type-product","3":"status-publish","4":"has-post-thumbnail","6":"product_cat-peisaje","7":"infinite-scroll-item","8":"sales-flash-overlay","9":"woocommerce-text-align-left","10":"woocommerce-image-align-center","11":"do-quantity-buttons","13":"first","14":"instock","15":"shipping-taxable","16":"product-type-simple"},"acf":[],"_links":{"self":[{"href":"https:\/\/raduart.com\/ro\/wp-json\/wp\/v2\/product\/7917","targetHints":{"allow":["GET"]}}],"collection":[{"href":"https:\/\/raduart.com\/ro\/wp-json\/wp\/v2\/product"}],"about":[{"href":"https:\/\/raduart.com\/ro\/wp-json\/wp\/v2\/types\/product"}],"wp:featuredmedia":[{"embeddable":true,"href":"https:\/\/raduart.com\/ro\/wp-json\/wp\/v2\/media\/5424"}],"wp:attachment":[{"href":"https:\/\/raduart.com\/ro\/wp-json\/wp\/v2\/media?parent=7917"}],"wp:term":[{"taxonomy":"product_brand","embeddable":true,"href":"https:\/\/raduart.com\/ro\/wp-json\/wp\/v2\/product_brand?post=7917"},{"taxonomy":"product_cat","embeddable":true,"href":"https:\/\/raduart.com\/ro\/wp-json\/wp\/v2\/product_cat?post=7917"},{"taxonomy":"product_tag","embeddable":true,"href":"https:\/\/raduart.com\/ro\/wp-json\/wp\/v2\/product_tag?post=7917"}],"curies":[{"name":"wp","href":"https:\/\/api.w.org\/{rel}","templated":true}]}}