{"id":7912,"date":"2020-12-10T07:17:57","date_gmt":"2021-01-10T13:54:47","guid":{"rendered":"https:\/\/raduart.com\/?post_type=product&#038;p=7912"},"modified":"2024-10-03T21:05:56","modified_gmt":"2024-10-03T19:05:56","slug":"pictura-nud-seductie-iv-radu-maier","status":"publish","type":"product","link":"https:\/\/raduart.com\/ro\/opere-de-arta\/pictura-nud-seductie-iv-radu-maier\/","title":{"rendered":"Radu Maier: &#8222;Seduc\u021bie IV&#8221; (2015). Pictur\u0103 nud"},"content":{"rendered":"<h3>DESPRE ARTIST<\/h3>\n<p>\u2022 Pictor profesionist<br \/>\n\u2022 Laureat al mai multor premii cultural-artistice<br \/>\n\u2192 <a title=\"Despre pictorul contemporan Radu Maier\" href=\"https:\/\/raduart.com\/ro\/pictorul-roman-contemporan-radu-maier\/\">Portret de artist<\/a><\/p>\n<h3>AVE\u021aI \u00ceNTREB\u0102RI?<\/h3>\n<p>Citi\u021bi aici cele mai frecvente \u00eentrebar\u0103 \u0219i r\u0103spunsuri.<br \/>\n<a class=\"woo-continue width\" title=\"\u00centreb\u0103ri despre picturi pe p\u00e2nz\u0103\" href=\"https:\/\/raduart.com\/ro\/faq-tablouri-de-vanzare-online\/\">\u2192 Zu den FAQs<\/a><\/p>\n","protected":false},"excerpt":{"rendered":"<p>DESPRE ARTIST \u2022 Pictor profesionist \u2022 Laureat al mai multor premii cultural-artistice \u2192 Portret de artist AVE\u021aI \u00ceNTREB\u0102RI? Citi\u021bi aici cele mai frecvente \u00eentrebar\u0103 \u0219i r\u0103spunsuri. \u2192 Zu den FAQs<\/p>\n","protected":false},"featured_media":5843,"template":"","meta":{"_acf_changed":false,"pgc_sgb_lightbox_settings":""},"product_brand":[],"product_cat":[47],"product_tag":[],"class_list":{"0":"post-7912","1":"product","2":"type-product","3":"status-publish","4":"has-post-thumbnail","6":"product_cat-picturi-cu-nuduri","7":"infinite-scroll-item","8":"sales-flash-overlay","9":"woocommerce-text-align-left","10":"woocommerce-image-align-center","11":"do-quantity-buttons","12":"wc-has-gallery","14":"first","15":"instock","16":"shipping-taxable","17":"product-type-simple"},"acf":[],"_links":{"self":[{"href":"https:\/\/raduart.com\/ro\/wp-json\/wp\/v2\/product\/7912","targetHints":{"allow":["GET"]}}],"collection":[{"href":"https:\/\/raduart.com\/ro\/wp-json\/wp\/v2\/product"}],"about":[{"href":"https:\/\/raduart.com\/ro\/wp-json\/wp\/v2\/types\/product"}],"wp:featuredmedia":[{"embeddable":true,"href":"https:\/\/raduart.com\/ro\/wp-json\/wp\/v2\/media\/5843"}],"wp:attachment":[{"href":"https:\/\/raduart.com\/ro\/wp-json\/wp\/v2\/media?parent=7912"}],"wp:term":[{"taxonomy":"product_brand","embeddable":true,"href":"https:\/\/raduart.com\/ro\/wp-json\/wp\/v2\/product_brand?post=7912"},{"taxonomy":"product_cat","embeddable":true,"href":"https:\/\/raduart.com\/ro\/wp-json\/wp\/v2\/product_cat?post=7912"},{"taxonomy":"product_tag","embeddable":true,"href":"https:\/\/raduart.com\/ro\/wp-json\/wp\/v2\/product_tag?post=7912"}],"curies":[{"name":"wp","href":"https:\/\/api.w.org\/{rel}","templated":true}]}}