{"id":7365,"date":"2021-01-02T11:47:03","date_gmt":"2021-01-02T10:47:03","guid":{"rendered":"https:\/\/raduart.com\/?post_type=product&#038;p=7365"},"modified":"2024-10-03T21:05:56","modified_gmt":"2024-10-03T19:05:56","slug":"pictura-pe-panza-oglindire-radu-maier","status":"publish","type":"product","link":"https:\/\/raduart.com\/ro\/opere-de-arta\/pictura-pe-panza-oglindire-radu-maier\/","title":{"rendered":"Radu Maier: &#8222;Oglindire&#8221; (2017)"},"content":{"rendered":"<h3>DESPRE ARTIST<\/h3>\n<p>\u2022 Pictor profesionist<br \/>\n\u2022 Laureat al mai multor premii culturale-artistice<br \/>\n\u2192 <a title=\"Despre pictorul contemporan Radu Maier\" href=\"https:\/\/raduart.com\/ro\/pictorul-roman-contemporan-radu-maier\/\">Portret de artist<\/a><\/p>\n<h3>AVE\u021aI \u00ceNTREB\u0102RI?<\/h3>\n<p>Citi\u021bi aici cele mai frecvente \u00eentrebar\u0103 \u0219i r\u0103spunsuri.<br \/>\n<a class=\"woo-continue width\" title=\"\u00centreb\u0103ri despre picturi pe p\u00e2nz\u0103\" href=\"https:\/\/raduart.com\/ro\/faq-tablouri-de-vanzare-online\/\">\u2192 Zu den FAQs<\/a><\/p>\n","protected":false},"excerpt":{"rendered":"<p>DESPRE ARTIST \u2022 Pictor profesionist \u2022 Laureat al mai multor premii culturale-artistice \u2192 Portret de artist AVE\u021aI \u00ceNTREB\u0102RI? Citi\u021bi aici cele mai frecvente \u00eentrebar\u0103 \u0219i r\u0103spunsuri. \u2192 Zu den FAQs<\/p>\n","protected":false},"featured_media":7054,"template":"","meta":{"_acf_changed":false,"pgc_sgb_lightbox_settings":""},"product_brand":[],"product_cat":[50,63],"product_tag":[],"class_list":{"0":"post-7365","1":"product","2":"type-product","3":"status-publish","4":"has-post-thumbnail","6":"product_cat-peisaje","7":"product_cat-peisaje-meditative","8":"infinite-scroll-item","9":"sales-flash-overlay","10":"woocommerce-text-align-left","11":"woocommerce-image-align-center","12":"do-quantity-buttons","14":"first","15":"instock","16":"shipping-taxable","17":"product-type-simple"},"acf":[],"_links":{"self":[{"href":"https:\/\/raduart.com\/ro\/wp-json\/wp\/v2\/product\/7365","targetHints":{"allow":["GET"]}}],"collection":[{"href":"https:\/\/raduart.com\/ro\/wp-json\/wp\/v2\/product"}],"about":[{"href":"https:\/\/raduart.com\/ro\/wp-json\/wp\/v2\/types\/product"}],"wp:featuredmedia":[{"embeddable":true,"href":"https:\/\/raduart.com\/ro\/wp-json\/wp\/v2\/media\/7054"}],"wp:attachment":[{"href":"https:\/\/raduart.com\/ro\/wp-json\/wp\/v2\/media?parent=7365"}],"wp:term":[{"taxonomy":"product_brand","embeddable":true,"href":"https:\/\/raduart.com\/ro\/wp-json\/wp\/v2\/product_brand?post=7365"},{"taxonomy":"product_cat","embeddable":true,"href":"https:\/\/raduart.com\/ro\/wp-json\/wp\/v2\/product_cat?post=7365"},{"taxonomy":"product_tag","embeddable":true,"href":"https:\/\/raduart.com\/ro\/wp-json\/wp\/v2\/product_tag?post=7365"}],"curies":[{"name":"wp","href":"https:\/\/api.w.org\/{rel}","templated":true}]}}