{"id":6809,"date":"2020-12-29T10:12:16","date_gmt":"2020-12-29T16:03:30","guid":{"rendered":"https:\/\/raduart.com\/?post_type=product&#038;p=6809"},"modified":"2024-10-03T21:05:56","modified_gmt":"2024-10-03T19:05:56","slug":"pictura-nud-alegorie-4-radu-maier","status":"publish","type":"product","link":"https:\/\/raduart.com\/ro\/opere-de-arta\/pictura-nud-alegorie-4-radu-maier\/","title":{"rendered":"Radu Maier: &#8222;Alegorie IV&#8221; (2017). Pictur\u0103 nud"},"content":{"rendered":"<h3>DESPRE PICTURI NUD DE RADU MAIER<\/h3>\n<p><strong>Stil:<\/strong> pictur\u0103 nud de femeie, realizat\u0103 \u00een culori acrilice cu aerograful. Imagine expresiv\u0103 pictat\u0103 cu vopsele acrilice de \u00eenalt\u0103 calitate.<br \/>\n<strong>Edi\u021bie:<\/strong> unicat. Semnat \u0219i datat. Cu certificat de autenticitate. Semn\u0103tura artistului \u00een dreapta jos.<br \/>\n<strong>Prelucrare:<\/strong> pictur\u0103 pe p\u00e2nz\u0103 \u00eentins\u0103 pe \u0219asiu.<br \/>\n<strong>\u00cencadrare:<\/strong> pictur\u0103 f\u0103r\u0103 ram\u0103.<br \/>\n<strong>\u00cen expozi\u021bie:<\/strong> tablou vernisat.<\/p>\n<h3>DESPRE ARTIST<\/h3>\n<p>\u2022 Pictor profesionist<br \/>\n\u2022 Laureat al mai multor premii culturale-artistice<br \/>\n\u2192 <a title=\"Despre pictorul contemporan Radu Maier\" href=\"https:\/\/raduart.com\/ro\/pictorul-roman-contemporan-radu-maier\/\">Portret de artist<\/a><\/p>\n<h3>AVE\u021aI \u00ceNTREB\u0102RI?<\/h3>\n<p>Citi\u021bi aici cele mai frecvente \u00eentrebar\u0103 \u0219i r\u0103spunsuri.<br \/>\n<a class=\"woo-continue width\" title=\"\u00centreb\u0103ri despre picturi pe p\u00e2nz\u0103\" href=\"https:\/\/raduart.com\/ro\/faq-tablouri-de-vanzare-online\/\">\u2192 Zu den FAQs<\/a><\/p>\n","protected":false},"excerpt":{"rendered":"<p>DESPRE PICTURI NUD DE RADU MAIER Stil: pictur\u0103 nud de femeie, realizat\u0103 \u00een culori acrilice cu aerograful. Imagine expresiv\u0103 pictat\u0103 cu vopsele acrilice de \u00eenalt\u0103 calitate. Edi\u021bie: unicat. Semnat \u0219i datat. Cu certificat de autenticitate. &#8230; <\/p>\n<p class=\"read-more-container\"><a title=\"Radu Maier: &#8222;Alegorie IV&#8221; (2017). Pictur\u0103 nud\" class=\"read-more button\" href=\"https:\/\/raduart.com\/ro\/opere-de-arta\/pictura-nud-alegorie-4-radu-maier\/#more-6809\" aria-label=\"Cite\u0219te mai multe despre Radu Maier: &#8222;Alegorie IV&#8221; (2017). Pictur\u0103 nud\">Read more<\/a><\/p>\n","protected":false},"featured_media":6782,"template":"","meta":{"_acf_changed":false,"pgc_sgb_lightbox_settings":""},"product_brand":[],"product_cat":[47],"product_tag":[],"class_list":{"0":"post-6809","1":"product","2":"type-product","3":"status-publish","4":"has-post-thumbnail","6":"product_cat-picturi-cu-nuduri","7":"infinite-scroll-item","8":"sales-flash-overlay","9":"woocommerce-text-align-left","10":"woocommerce-image-align-center","11":"do-quantity-buttons","12":"wc-has-gallery","14":"first","15":"instock","16":"shipping-taxable","17":"product-type-simple"},"acf":[],"_links":{"self":[{"href":"https:\/\/raduart.com\/ro\/wp-json\/wp\/v2\/product\/6809","targetHints":{"allow":["GET"]}}],"collection":[{"href":"https:\/\/raduart.com\/ro\/wp-json\/wp\/v2\/product"}],"about":[{"href":"https:\/\/raduart.com\/ro\/wp-json\/wp\/v2\/types\/product"}],"wp:featuredmedia":[{"embeddable":true,"href":"https:\/\/raduart.com\/ro\/wp-json\/wp\/v2\/media\/6782"}],"wp:attachment":[{"href":"https:\/\/raduart.com\/ro\/wp-json\/wp\/v2\/media?parent=6809"}],"wp:term":[{"taxonomy":"product_brand","embeddable":true,"href":"https:\/\/raduart.com\/ro\/wp-json\/wp\/v2\/product_brand?post=6809"},{"taxonomy":"product_cat","embeddable":true,"href":"https:\/\/raduart.com\/ro\/wp-json\/wp\/v2\/product_cat?post=6809"},{"taxonomy":"product_tag","embeddable":true,"href":"https:\/\/raduart.com\/ro\/wp-json\/wp\/v2\/product_tag?post=6809"}],"curies":[{"name":"wp","href":"https:\/\/api.w.org\/{rel}","templated":true}]}}