{"id":19950,"date":"2020-02-27T11:34:14","date_gmt":"2024-02-27T12:00:21","guid":{"rendered":"https:\/\/raduart.com\/?post_type=product&#038;p=19950"},"modified":"2024-10-03T21:05:57","modified_gmt":"2024-10-03T19:05:57","slug":"radu-anton-maier-disziplin-meditation-lyrismus","status":"publish","type":"product","link":"https:\/\/raduart.com\/ro\/opere-de-arta\/radu-anton-maier-disziplin-meditation-lyrismus\/","title":{"rendered":"Radu-Anton Maier. Disziplin,  Meditation, Lyrismus"},"content":{"rendered":"<p>Eine K\u00fcnstler-Monographie mit Beitr\u00e4gen von Cornelius R. zach, Ionel Jianou, G\u00fcnter Ott, Jose Fernandez-Rojo und Erich Pfeiffer-Belli.<\/p>\n","protected":false},"excerpt":{"rendered":"<p class=\"gb-headline gb-headline-10d1be41 gb-headline-text\">Preis:\u00a0<strong>35 \u20ac <\/strong>inkl. 7% MwSt.<\/p>\n<p>Broschiert: 66 Seiten Sprache: Deutsch Gr\u00f6\u00dfe: 16.6 \u00d7 53 cm<\/p>\n","protected":false},"featured_media":19899,"template":"","meta":{"_acf_changed":false,"pgc_sgb_lightbox_settings":""},"product_brand":[],"product_cat":[107],"product_tag":[],"class_list":{"0":"post-19950","1":"product","2":"type-product","3":"status-publish","4":"has-post-thumbnail","6":"product_cat-publicatii","7":"infinite-scroll-item","8":"sales-flash-overlay","9":"woocommerce-text-align-left","10":"woocommerce-image-align-center","11":"do-quantity-buttons","13":"first","14":"instock","15":"shipping-taxable","16":"product-type-simple"},"acf":[],"_links":{"self":[{"href":"https:\/\/raduart.com\/ro\/wp-json\/wp\/v2\/product\/19950","targetHints":{"allow":["GET"]}}],"collection":[{"href":"https:\/\/raduart.com\/ro\/wp-json\/wp\/v2\/product"}],"about":[{"href":"https:\/\/raduart.com\/ro\/wp-json\/wp\/v2\/types\/product"}],"wp:featuredmedia":[{"embeddable":true,"href":"https:\/\/raduart.com\/ro\/wp-json\/wp\/v2\/media\/19899"}],"wp:attachment":[{"href":"https:\/\/raduart.com\/ro\/wp-json\/wp\/v2\/media?parent=19950"}],"wp:term":[{"taxonomy":"product_brand","embeddable":true,"href":"https:\/\/raduart.com\/ro\/wp-json\/wp\/v2\/product_brand?post=19950"},{"taxonomy":"product_cat","embeddable":true,"href":"https:\/\/raduart.com\/ro\/wp-json\/wp\/v2\/product_cat?post=19950"},{"taxonomy":"product_tag","embeddable":true,"href":"https:\/\/raduart.com\/ro\/wp-json\/wp\/v2\/product_tag?post=19950"}],"curies":[{"name":"wp","href":"https:\/\/api.w.org\/{rel}","templated":true}]}}