{"id":6826,"date":"2020-06-13T21:49:25","date_gmt":"2020-06-13T19:49:25","guid":{"rendered":"https:\/\/raduart.com\/?page_id=6826"},"modified":"2023-11-18T23:24:24","modified_gmt":"2023-11-18T22:24:24","slug":"faq-tablouri-de-vanzare-online","status":"publish","type":"page","link":"https:\/\/raduart.com\/ro\/faq-tablouri-de-vanzare-online\/","title":{"rendered":"FAQ &#8211; tablouri de v\u00e2nzare online?"},"content":{"rendered":"<div class=\"gb-container gb-container-f54aff4e\"><div class=\"gb-inside-container\">\n\n<h2 class=\"gb-headline gb-headline-297eed7c gb-headline-text\">Cum cumperi art\u0103 online<\/h2>\n\n\n<div class=\"gb-grid-wrapper gb-grid-wrapper-3dd939db\">\n<div class=\"gb-grid-column gb-grid-column-8991fcf5\"><div class=\"gb-container gb-container-8991fcf5\"><div class=\"gb-inside-container\">\n\n<p class=\"gb-headline gb-headline-5f236386\"><span class=\"gb-icon\"><svg xmlns=\"http:\/\/www.w3.org\/2000\/svg\" width=\"24\" height=\"24\" viewBox=\"0 0 24 24\"><path d=\"M1.859 6l-.489-2h21.256l-.491 2h-20.276zm1.581-4l-.439-2h17.994l-.439 2h-17.116zm20.56 16h-24l2 6h20l2-6zm-20.896-2l-.814-6h19.411l-.839 6h2.02l1.118-8h-24l1.085 8h2.019zm2.784-3.995c-.049-.555.419-1.005 1.043-1.005.625 0 1.155.449 1.185 1.004.03.555-.438 1.005-1.044 1.005-.605 0-1.136-.449-1.184-1.004zm7.575-.224l-1.824 2.68-1.813-1.312-2.826 2.851h10l-3.537-4.219z\"><\/path><\/svg><\/span><span class=\"gb-headline-text\">Descoperi\u021bi pictura preferat\u0103 \u00een <a href=\"https:\/\/raduart.com\/ro\/colectie-de-arta\/\" class=\"rank-math-link\">colec\u021bia de art\u0103 contemporan\u0103<\/a>. Lucr\u0103rile sunt selectate tematic.<\/span><\/p>\n\n<\/div><\/div><\/div>\n\n<div class=\"gb-grid-column gb-grid-column-1634fe58\"><div class=\"gb-container gb-container-1634fe58\"><div class=\"gb-inside-container\">\n\n<p class=\"gb-headline gb-headline-0a581ed4\"><span class=\"gb-icon\"><svg xmlns=\"http:\/\/www.w3.org\/2000\/svg\" viewBox=\"0 0 512 512\" width=\"1em\" height=\"1em\" aria-hidden=\"true\"><path d=\"M464 64H48C21.49 64 0 85.49 0 112v288c0 26.51 21.49 48 48 48h416c26.51 0 48-21.49 48-48V112c0-26.51-21.49-48-48-48zm0 48v40.805c-22.422 18.259-58.168 46.651-134.587 106.49-16.841 13.247-50.201 45.072-73.413 44.701-23.208.375-56.579-31.459-73.413-44.701C106.18 199.465 70.425 171.067 48 152.805V112h416zM48 400V214.398c22.914 18.251 55.409 43.862 104.938 82.646 21.857 17.205 60.134 55.186 103.062 54.955 42.717.231 80.509-37.199 103.053-54.947 49.528-38.783 82.032-64.401 104.947-82.653V400H48z\" fill=\"currentColor\"><\/path><\/svg><\/span><span class=\"gb-headline-text\">L\u0103sa\u021bi-ne un mesaj cu propunerea pre\u021bului, complet\u00e2nd formularul ata\u0219at fiec\u0103rei lucr\u0103ri.<\/span><\/p>\n\n<\/div><\/div><\/div>\n\n<div class=\"gb-grid-column gb-grid-column-94e4a309\"><div class=\"gb-container gb-container-94e4a309\"><div class=\"gb-inside-container\">\n\n<p class=\"gb-headline gb-headline-53f5e441\"><span class=\"gb-icon\"><svg xmlns=\"http:\/\/www.w3.org\/2000\/svg\" viewBox=\"0 0 576 512\" width=\"1em\" height=\"1em\" aria-hidden=\"true\"><path d=\"M576 240c0-23.63-12.95-44.04-32-55.12V32.01C544 23.26 537.02 0 512 0c-7.12 0-14.19 2.38-19.98 7.02l-85.03 68.03C364.28 109.19 310.66 128 256 128H64c-35.35 0-64 28.65-64 64v96c0 35.35 28.65 64 64 64h33.7c-1.39 10.48-2.18 21.14-2.18 32 0 39.77 9.26 77.35 25.56 110.94 5.19 10.69 16.52 17.06 28.4 17.06h74.28c26.05 0 41.69-29.84 25.9-50.56-16.4-21.52-26.15-48.36-26.15-77.44 0-11.11 1.62-21.79 4.41-32H256c54.66 0 108.28 18.81 150.98 52.95l85.03 68.03a32.023 32.023 0 0 0 19.98 7.02c24.92 0 32-22.78 32-32V295.13C563.05 284.04 576 263.63 576 240zm-96 141.42l-33.05-26.44C392.95 311.78 325.12 288 256 288v-96c69.12 0 136.95-23.78 190.95-66.98L480 98.58v282.84z\" fill=\"currentColor\"><\/path><\/svg><\/span><span class=\"gb-headline-text\">Dup\u0103 primirea solicit\u0103rii v\u0103 vom contacta \u0219i informa despre pre\u021b \u00een cel mai scurt timp posibil.<\/span><\/p>\n\n<\/div><\/div><\/div>\n<\/div>\n<\/div><\/div>\n\n\n<h2 class=\"gb-headline gb-headline-f0d55ad3 gb-headline-text highlights-ueber-h\"><strong><strong>C<\/strong><\/strong>ele mai frecvente \u00eentreb\u0103ri<\/h2>\n\n\n<div class=\"gb-container gb-container-b9df69db\"><div class=\"gb-inside-container\">\n<div id=\"rank-math-faq\" class=\"rank-math-block\">\n<div class=\"rank-math-list \">\n<div id=\"faq-question-1593115623276\" class=\"rank-math-list-item\">\n<h3 class=\"rank-math-question \"><strong>Wer ist raduart.com?<\/strong><\/h3>\n<div class=\"rank-math-answer \">\n\n<p>Galerie Raduart ist die Onlineplattform der <strong>Galerie f\u00fcr zeitgen\u00f6ssische Kunst<\/strong> in F\u00fcrstenfeldbruck. Unser Fokus richtet sich auf dem K\u00fcnstler Radu Maier, der die f\u00fcrstenfeldbrucker Kunstszene seit Jahren pr\u00e4gt. Auf unserer Website vermitteln wir \u203a <strong>Kunstwerke zum Kauf<\/strong> und \u203a <strong>Kunstwerke zur Miete<\/strong>.<br \/><a href=\"\/ro\/galerie-de-arta-contemporana\/\" class=\"rank-math-link\">\u2192 Hier erfahren Sie mehr \u00fcber uns<\/a><\/p>\n\n<\/div>\n<\/div>\n<div id=\"faq-question-1593115663689\" class=\"rank-math-list-item\">\n<h3 class=\"rank-math-question \"><strong>Wo kann man ein Gem\u00e4lde von Radu Maier kaufen?<\/strong><\/h3>\n<div class=\"rank-math-answer \">\n\n<p>Unsere Kunstgalerie in FFB bietet Ihnen eine Vielzahl an Malereien und Zeichnungen des K\u00fcnstlers Radu Maier an, die Sie direkt in unserer Galerie in F\u00fcrstenfeldbruck erwerben k\u00f6nnen. Es ist aber auch m\u00f6glich, unsere Kunst online zu kaufen. Wir zeigen Ihnen auf unsere Online Kunstsammlung eine Auswahl an Radu Maiers  Bilder, die Sie online per Kontaktformular bestellen k\u00f6nnen. M\u00f6chten Sie unsere Kunst online kaufen? <br \/><a href=\"https:\/\/raduart.com\/de\/faq\/\">\u2192<\/a> <a href=\"\/werke\/\" class=\"rank-math-link\">Hier geht es zu den Kunstwerken<\/a><\/p>\n<p>Senden Sie uns eine Nachricht mit dem Namen des ausgew\u00e4hlten Bildes sowie dem Zielland. Sie erhalten innerhalb von maximal 24 Stunden eine Antwort auf Ihre Anfrage.<\/p>\n\n<\/div>\n<\/div>\n<div id=\"faq-question-1593117607784\" class=\"rank-math-list-item\">\n<h3 class=\"rank-math-question \"><strong><strong>Wie erfolgt die Bezahlung?<\/strong><\/strong><\/h3>\n<div class=\"rank-math-answer \">\n\n<p>Zahlungsart: Vorkasse.<\/p>\n<p>Es gilt die Bezahlung per Vorkasse und auch in Raten. Bei einem Auftrag verlangen wir 30% der Summe im Voraus.<\/p>\n<p>Sobald Sie Ihre Bestellung per Kontaktformular verschicken, erhalten\u00a0Sie von uns die Rechnung mit den ben\u00f6tigen Bankdaten sowie IBAN und\u00a0BIC. \u00dcberweisen Sie direkt an unsere Bankverbindung.<\/p>\n\n<\/div>\n<\/div>\n<div id=\"faq-question-1593117622996\" class=\"rank-math-list-item\">\n<h3 class=\"rank-math-question \"><strong><strong>Wie gelingt die Bestellung?<\/strong><\/strong><\/h3>\n<div class=\"rank-math-answer \">\n\n<p>Ihre Bestellung wird erst nach Geldeingang auf unserem Konto versandt. Die Versandbest\u00e4tigung bekommen Sie\u00a0per E-Mail.<\/p>\n\n<\/div>\n<\/div>\n<div id=\"faq-question-1593150825128\" class=\"rank-math-list-item\">\n<h3 class=\"rank-math-question \"><strong><strong>Wie lange dauert die Lieferung?<\/strong><\/strong><\/h3>\n<div class=\"rank-math-answer \">\n\n<p>Unsere Lieferzeit betr\u00e4gt ungef\u00e4hr 7 Arbeitstage. Sobald Ihre Bestellung eingeht, verpacken wir dein Werk und machen es versandfertig. <\/p>\n\n<\/div>\n<\/div>\n<div id=\"faq-question-1593150856911\" class=\"rank-math-list-item\">\n<h3 class=\"rank-math-question \"><strong>Wie erfolgt der Versand?<\/strong><\/h3>\n<div class=\"rank-math-answer \">\n\n<p>Abholung vor Ort oder kostenlose Lieferung weltweit.<\/p>\n<p>Unsere Kunstwerke werden alle sicher und versichert \u00fcber einen der klassischen Paketdienste wie DPD, Hermes oder DHL verschickt. Eine Selbstabholung ist nat\u00fcrlich jederzeit m\u00f6glich.<\/p>\n\n<\/div>\n<\/div>\n<div id=\"faq-question-1593150900005\" class=\"rank-math-list-item\">\n<h3 class=\"rank-math-question \"><strong>Wie kann ich meine Bestellung verfolgen?<\/strong><\/h3>\n<div class=\"rank-math-answer \">\n\n<p>Sobald Ihr Kunstwerk auf dem Weg ist, erhalten Sie eine E-Mail mit einem Link zur Sendungsverfolgung.<\/p>\n\n<\/div>\n<\/div>\n<div id=\"faq-question-1608810779220\" class=\"rank-math-list-item\">\n<h3 class=\"rank-math-question \"><strong>Wo sehe ich die genauen Ma\u00dfe und Gr\u00f6\u00dfen der Kunstwerke?<\/strong><\/h3>\n<div class=\"rank-math-answer \">\n\n<p>Auf der Detailseite jedes Kunstwerks weisen wir die Gr\u00f6\u00dfe des Bilder aus.<\/p>\n\n<\/div>\n<\/div>\n<div id=\"faq-question-1608981387411\" class=\"rank-math-list-item\">\n<h3 class=\"rank-math-question \"><strong>Verschicken Sie den Kunstkalender auch?<\/strong><\/h3>\n<div class=\"rank-math-answer \">\n\n<p>Wir versenden den Kunstkalender weltweit. Der kann <a href=\"\/ro\/opere-de-arta\/calendar-de-arta\/\" class=\"rank-math-link\">hier<\/a> bestellt oder direkt abgeholt werden. Wir senden Ihnen dann eine Rechnung per E-Mail. Nach erfolgreichem Zahlungseingang wird der Kunstkalender per Post zugeschickt.<\/p>\n\n<\/div>\n<\/div>\n<div id=\"faq-question-1609111797442\" class=\"rank-math-list-item\">\n<h3 class=\"rank-math-question \"><strong>Sind Aufh\u00e4nger am Leinwandbild vorhanden?<\/strong><\/h3>\n<div class=\"rank-math-answer \">\n\n<p>Ja. Alle unsere Gem\u00e4lde werden mit einer vormontierten Metallaufh\u00e4ngung geliefert. So k\u00f6nnen sie direkt aufgeh\u00e4ngt werden.<\/p>\n\n<\/div>\n<\/div>\n<\/div>\n<\/div>\n\n\n<h2 class=\"gb-headline gb-headline-705b0ec6 gb-headline-text highlights-ueber-h\" id=\"individuelle-anfrage\"><br><strong><strong>Individuelle Anfrage<\/strong><\/strong><\/h2>\n\n\n\n<p class=\"has-text-align-center\">Auch Ihre Fragen zur unseren Kunst sind uns wichtig.<br><strong>Ist Ihre Frage nicht dabei?<\/strong><br>Schreiben Sie uns per Kontaktformular. Wir unterst\u00fctzen Sie gerne.<\/p>\n\n\n\n<p class=\"has-text-align-center\"><div class='fluentform ff-default fluentform_wrapper_13 ffs_default_wrap'><form data-form_id=\"13\" id=\"fluentform_13\" class=\"frm-fluent-form fluent_form_13 ff-el-form-top ff_form_instance_13_1 ff-form-loading ffs_default\" data-form_instance=\"ff_form_instance_13_1\" method=\"POST\" ><fieldset  style=\"border: none!important;margin: 0!important;padding: 0!important;background-color: transparent!important;box-shadow: none!important;outline: none!important; min-inline-size: 100%;\">\n                    <legend class=\"ff_screen_reader_title\" style=\"display: block; margin: 0!important;padding: 0!important;height: 0!important;text-indent: -999999px;width: 0!important;overflow:hidden;\">FAQ RO<\/legend>        <div\n                style=\"display: none!important; position: absolute!important; transform: translateX(1000%)!important;\"\n                class=\"ff-el-group ff-hpsf-container\"\n        >\n            <div class=\"ff-el-input--label asterisk-right\">\n                <label for=\"ff_13_item_sf\" aria-label=\"Updates\">\n                    Updates                <\/label>\n            <\/div>\n            <div class=\"ff-el-input--content\">\n                <input type=\"text\"\n                       name=\"item_13__fluent_sf\"\n                       class=\"ff-el-form-control\"\n                       id=\"ff_13_item_sf\"\n                \/>\n            <\/div>\n        <\/div>\n        <input type='hidden' name='__fluent_form_embded_post_id' value='6826' \/><input type=\"hidden\" id=\"_fluentform_13_fluentformnonce\" name=\"_fluentform_13_fluentformnonce\" value=\"f0ec44c1aa\" \/><input type=\"hidden\" name=\"_wp_http_referer\" value=\"\/ro\/wp-json\/wp\/v2\/pages\/6826\" \/><div class='ff-el-group'><div class='ff-el-input--content'><textarea aria-required=\"false\" aria-labelledby=\"label_ff_13_message\" name=\"message\" id=\"ff_13_message\" class=\"ff-el-form-control\" placeholder=\"\u00centrebare\" rows=\"6\" cols=\"1\" data-name=\"message\" ><\/textarea><\/div><\/div><div class='ff-el-group'><div class='ff-el-input--content'><input type=\"email\" name=\"email\" id=\"ff_13_email\" class=\"ff-el-form-control\" placeholder=\"E-mail*\" data-name=\"email\"  aria-invalid=\"false\" aria-required=true><\/div><\/div><div data-type=\"name-element\" data-name=\"names_1\" class=\" ff-field_container ff-name-field-wrapper\" ><div class='ff-t-container'><div class='ff-t-cell '><div class='ff-el-group'><div class='ff-el-input--content'><input type=\"text\" name=\"names_1[last_name]\" id=\"ff_13_names_1_last_name_\" class=\"ff-el-form-control\" placeholder=\"Nume*\" aria-invalid=\"false\" aria-required=false><\/div><\/div><\/div><\/div><\/div><div class='ff-el-group'><div class='ff-el-input--content'><div class='ff-el-form-check ff-el-form-check-'><label class='ff-el-form-check-label' for='checkbox_11e5276006cf5a2fd90aa9b477bb27fd'><input  type=\"checkbox\" name=\"checkbox[]\" data-name=\"checkbox\" class=\"ff-el-form-check-input ff-el-form-check-checkbox\" value=\"Doresc s\u0103 abonez newsletter-ul RADUART.\"  id='checkbox_11e5276006cf5a2fd90aa9b477bb27fd' aria-label='Doresc s\u0103 abonez newsletter-ul RADUART.' aria-invalid='false' aria-required=false> <span>Doresc s\u0103 abonez newsletter-ul RADUART.<\/span><\/label><\/div><\/div><\/div><div class='ff-el-group    ff-el-input--content'><div class='ff-el-form-check ff-el-tc'><label aria-label='Terms and Conditions: Am citit \u0219i sunt de acord cu  politica de confiden\u021bialitate, inclusiv cu op\u021biunile de revocare a proces\u0103rii datelor mele, legate de aceast\u0103 comand\u0103. Contains 1 link. Use tab navigation to review.' class='ff-el-form-check-label ff_tc_label' for=gdpr-agreement_34fed34e45a8ab895bf99b3a32f06f27><span class='ff_tc_checkbox'><input type=\"checkbox\" name=\"gdpr-agreement\" class=\"ff-el-form-check-input ff_gdpr_field\" data-name=\"gdpr-agreement\" id=\"gdpr-agreement_34fed34e45a8ab895bf99b3a32f06f27\"  value='on' aria-invalid='false' aria-required=true><\/span> <div class='ff_t_c'>Am citit \u0219i sunt de acord cu <a href=\"\/datenschutzerklaerung\/\" title=\"Politica de confiden\u021bialitate\"> politica de confiden\u021bialitate<\/a>, inclusiv cu op\u021biunile de revocare a proces\u0103rii datelor mele, legate de aceast\u0103 comand\u0103.<\/div><\/label><\/div><\/div><div class='ff-el-group  ff-custom_html' tabindex='-1' data-name=\"custom_html-13_1\" ><p><em>V\u0103 rug\u0103m s\u0103 completa\u021bi toate c\u00e2mpurile marcate cu asterisc *.<\/em><\/p><\/div><div class='ff-el-group ' ><div class='ff-el-input--content'><div data-fluent_id='13' name='g-recaptcha-response'><div\n\t\tdata-sitekey='6LcsqR0rAAAAAE2jFomyS6s9cdAh6aBl3ljH15Se'\n\t\tid='fluentform-recaptcha-13-1'\n\t\tclass='ff-el-recaptcha g-recaptcha'\n\t\tdata-callback='fluentFormrecaptchaSuccessCallback'><\/div><\/div><\/div><\/div><div class='ff-el-group ff-text-left ff_submit_btn_wrapper'><button type=\"submit\" class=\"ff-btn ff-btn-submit ff-btn-md ff_btn_style wpf_has_custom_css\"  aria-label=\"Trimit \u00a0\u00eentrebare\">Trimit \u00a0\u00eentrebare<\/button><\/div><\/fieldset><\/form><div id='fluentform_13_errors' class='ff-errors-in-stack ff_form_instance_13_1 ff-form-loading_errors ff_form_instance_13_1_errors'><\/div><\/div>            <script type=\"text\/javascript\">\n                window.fluent_form_ff_form_instance_13_1 = {\"id\":\"13\",\"ajaxUrl\":\"https:\\\/\\\/raduart.com\\\/wp-admin\\\/admin-ajax.php\",\"settings\":{\"layout\":{\"labelPlacement\":\"top\",\"helpMessagePlacement\":\"with_label\",\"errorMessagePlacement\":\"inline\",\"cssClassName\":\"\",\"asteriskPlacement\":\"asterisk-right\"},\"restrictions\":{\"denyEmptySubmission\":{\"enabled\":false}}},\"form_instance\":\"ff_form_instance_13_1\",\"form_id_selector\":\"fluentform_13\",\"rules\":{\"message\":{\"required\":{\"value\":false,\"message\":\"F\\u00fclle dieses Feld aus.\",\"global\":false,\"global_message\":\"Dieses Feld ist erforderlich\"}},\"email\":{\"required\":{\"value\":true,\"message\":\"F\\u00fclle dieses Feld aus.\",\"global\":false,\"global_message\":\"Dieses Feld ist erforderlich\"},\"email\":{\"value\":true,\"message\":\"Die eingegebene E-Mail-Adresse ist ung\\u00fcltig.\",\"global\":false,\"global_message\":\"Dieses Feld muss eine g\\u00fcltige E-Mail-Adresse enthalten\"}},\"names_1[first_name]\":{\"required\":{\"value\":false,\"message\":\"This field is required\",\"global\":false,\"global_message\":\"Dieses Feld ist erforderlich\"}},\"names_1[middle_name]\":{\"required\":{\"value\":false,\"message\":\"This field is required\",\"global\":false,\"global_message\":\"Dieses Feld ist erforderlich\"}},\"names_1[last_name]\":{\"required\":{\"value\":false,\"message\":\"This field is required\",\"global\":false,\"global_message\":\"Dieses Feld ist erforderlich\"}},\"checkbox\":{\"required\":{\"value\":false,\"message\":\"Dieses Feld ist erforderlich\",\"global\":false,\"global_message\":\"Dieses Feld ist erforderlich\"}},\"gdpr-agreement\":{\"required\":{\"value\":true,\"message\":\"Klicke dieses K\\u00e4stchen an, wenn du fortfahren m\\u00f6chtest.\",\"global\":false,\"global_message\":\"Dieses Feld ist erforderlich\"}}},\"debounce_time\":300};\n                            <\/script>\n            <\/p>\n\n<\/div><\/div>","protected":false},"excerpt":{"rendered":"<p>Cum cumperi art\u0103 online Cele mai frecvente \u00eentreb\u0103ri Individuelle Anfrage Auch Ihre Fragen zur unseren Kunst sind uns wichtig.Ist Ihre Frage nicht dabei?Schreiben Sie uns per Kontaktformular. Wir unterst\u00fctzen Sie gerne.<\/p>\n","protected":false},"author":1,"featured_media":0,"parent":0,"menu_order":0,"comment_status":"closed","ping_status":"closed","template":"","meta":{"_acf_changed":false,"pgc_sgb_lightbox_settings":"","footnotes":""},"class_list":{"0":"post-6826","1":"page","2":"type-page","3":"status-publish","5":"infinite-scroll-item"},"acf":[],"_links":{"self":[{"href":"https:\/\/raduart.com\/ro\/wp-json\/wp\/v2\/pages\/6826","targetHints":{"allow":["GET"]}}],"collection":[{"href":"https:\/\/raduart.com\/ro\/wp-json\/wp\/v2\/pages"}],"about":[{"href":"https:\/\/raduart.com\/ro\/wp-json\/wp\/v2\/types\/page"}],"author":[{"embeddable":true,"href":"https:\/\/raduart.com\/ro\/wp-json\/wp\/v2\/users\/1"}],"replies":[{"embeddable":true,"href":"https:\/\/raduart.com\/ro\/wp-json\/wp\/v2\/comments?post=6826"}],"version-history":[{"count":0,"href":"https:\/\/raduart.com\/ro\/wp-json\/wp\/v2\/pages\/6826\/revisions"}],"wp:attachment":[{"href":"https:\/\/raduart.com\/ro\/wp-json\/wp\/v2\/media?parent=6826"}],"curies":[{"name":"wp","href":"https:\/\/api.w.org\/{rel}","templated":true}]}}