{"id":5393,"date":"2020-11-07T19:00:14","date_gmt":"2020-11-07T18:00:14","guid":{"rendered":"https:\/\/raduart.com\/?page_id=5393"},"modified":"2022-04-16T21:18:59","modified_gmt":"2022-04-16T19:18:59","slug":"colectie-de-arta","status":"publish","type":"page","link":"https:\/\/raduart.com\/ro\/colectie-de-arta\/","title":{"rendered":"Colec\u021bie de art\u0103 contemporan\u0103"},"content":{"rendered":"<div class=\"gb-container gb-container-ed318765\"><div class=\"gb-inside-container\">\n<div class=\"gb-grid-wrapper gb-grid-wrapper-3eafa7e6\">\n<div class=\"gb-grid-column gb-grid-column-86b50505\"><div class=\"gb-container gb-container-86b50505 box-shadow\"><div class=\"gb-inside-container\">\n\n<figure class=\"wp-block-image size-full\"><img decoding=\"async\" width=\"952\" height=\"953\" src=\"https:\/\/raduart.com\/wp-content\/uploads\/Moderne-Malerei-Magische-Kerze-2014-Radu-Maier-edited.jpg\" alt=\"- | Galerie RADUART\" class=\"wp-image-9128\" title=\"- | Galerie RADUART\" srcset=\"https:\/\/raduart.com\/wp-content\/uploads\/Moderne-Malerei-Magische-Kerze-2014-Radu-Maier-edited.jpg 952w, https:\/\/raduart.com\/wp-content\/uploads\/Moderne-Malerei-Magische-Kerze-2014-Radu-Maier-edited-400x400.jpg 400w, https:\/\/raduart.com\/wp-content\/uploads\/Moderne-Malerei-Magische-Kerze-2014-Radu-Maier-edited-100x100.jpg 100w, https:\/\/raduart.com\/wp-content\/uploads\/Moderne-Malerei-Magische-Kerze-2014-Radu-Maier-edited-600x601.jpg 600w, https:\/\/raduart.com\/wp-content\/uploads\/Moderne-Malerei-Magische-Kerze-2014-Radu-Maier-edited-300x300.jpg 300w, https:\/\/raduart.com\/wp-content\/uploads\/Moderne-Malerei-Magische-Kerze-2014-Radu-Maier-edited-150x150.jpg 150w, https:\/\/raduart.com\/wp-content\/uploads\/Moderne-Malerei-Magische-Kerze-2014-Radu-Maier-edited-768x769.jpg 768w\" sizes=\"(max-width: 952px) 100vw, 952px\" \/><\/figure>\n\n\n\n<h2 class=\"gb-headline gb-headline-59e2e1f9 gb-headline-text\">Pictur\u0103<\/h2>\n\n\n\n<p class=\"gb-headline gb-headline-d4516a7a gb-headline-text\">Nud, flori, peisaj, portret<\/p>\n\n\n<div class=\"gb-button-wrapper gb-button-wrapper-67aae96a\">\n\n<a class=\"gb-button gb-button-a5508ad3\" href=\"https:\/\/raduart.com\/ro\/colectie-de-arta\/pictura\/\"><span class=\"gb-button-text\"> Descoper\u0103 picturi moderne<\/span><span class=\"gb-icon\"><svg aria-hidden=\"true\" role=\"img\" height=\"1em\" width=\"1em\" viewBox=\"0 0 256 512\" xmlns=\"http:\/\/www.w3.org\/2000\/svg\"><path fill=\"currentColor\" d=\"M224.3 273l-136 136c-9.4 9.4-24.6 9.4-33.9 0l-22.6-22.6c-9.4-9.4-9.4-24.6 0-33.9l96.4-96.4-96.4-96.4c-9.4-9.4-9.4-24.6 0-33.9L54.3 103c9.4-9.4 24.6-9.4 33.9 0l136 136c9.5 9.4 9.5 24.6.1 34z\"><\/path><\/svg><\/span><\/a>\n\n<\/div>\n<\/div><\/div><\/div>\n\n<div class=\"gb-grid-column gb-grid-column-8563fd1b\"><div class=\"gb-container gb-container-8563fd1b box-shadow\"><div class=\"gb-inside-container\">\n\n<figure class=\"wp-block-image size-full\"><img decoding=\"async\" width=\"900\" height=\"900\" src=\"https:\/\/raduart.com\/wp-content\/uploads\/Aktmalerei-Mehrhaendig-Radu-Maier-edited.jpg\" alt=\"Moderne Aktmalerei auf Leinwand &#039;Spiegelung IX&#039; ideal f\u00fcr jedes Haus\" class=\"wp-image-9126\" title=\"- | Galerie RADUART\" srcset=\"https:\/\/raduart.com\/wp-content\/uploads\/Aktmalerei-Mehrhaendig-Radu-Maier-edited.jpg 900w, https:\/\/raduart.com\/wp-content\/uploads\/Aktmalerei-Mehrhaendig-Radu-Maier-edited-400x400.jpg 400w, https:\/\/raduart.com\/wp-content\/uploads\/Aktmalerei-Mehrhaendig-Radu-Maier-edited-100x100.jpg 100w, https:\/\/raduart.com\/wp-content\/uploads\/Aktmalerei-Mehrhaendig-Radu-Maier-edited-600x600.jpg 600w, https:\/\/raduart.com\/wp-content\/uploads\/Aktmalerei-Mehrhaendig-Radu-Maier-edited-300x300.jpg 300w, https:\/\/raduart.com\/wp-content\/uploads\/Aktmalerei-Mehrhaendig-Radu-Maier-edited-150x150.jpg 150w, https:\/\/raduart.com\/wp-content\/uploads\/Aktmalerei-Mehrhaendig-Radu-Maier-edited-768x768.jpg 768w\" sizes=\"(max-width: 900px) 100vw, 900px\" \/><\/figure>\n\n\n\n<h2 class=\"gb-headline gb-headline-d496ba80 gb-headline-text\">Desen<\/h2>\n\n\n\n<p class=\"gb-headline gb-headline-5b4e8457 gb-headline-text\"> Nud, flori, peisaj, portret, natur\u0103 static\u0103<\/p>\n\n\n<div class=\"gb-button-wrapper gb-button-wrapper-7ad92052\">\n\n<a class=\"gb-button gb-button-eac0d174\" href=\"https:\/\/raduart.com\/ro\/colectie-de-arta\/desen\/\"><span class=\"gb-button-text\">Descoper\u0103 desene<\/span><span class=\"gb-icon\"><svg aria-hidden=\"true\" role=\"img\" height=\"1em\" width=\"1em\" viewBox=\"0 0 256 512\" xmlns=\"http:\/\/www.w3.org\/2000\/svg\"><path fill=\"currentColor\" d=\"M224.3 273l-136 136c-9.4 9.4-24.6 9.4-33.9 0l-22.6-22.6c-9.4-9.4-9.4-24.6 0-33.9l96.4-96.4-96.4-96.4c-9.4-9.4-9.4-24.6 0-33.9L54.3 103c9.4-9.4 24.6-9.4 33.9 0l136 136c9.5 9.4 9.5 24.6.1 34z\"><\/path><\/svg><\/span><\/a>\n\n<\/div>\n<\/div><\/div><\/div>\n<\/div>\n<\/div><\/div>\n\n<div class=\"gb-container gb-container-b885d72b\"><div class=\"gb-inside-container\">\n<div class=\"gb-grid-wrapper gb-grid-wrapper-6cd028c7\">\n<div class=\"gb-grid-column gb-grid-column-464cebbd\"><div class=\"gb-container gb-container-464cebbd box-shadow\"><div class=\"gb-inside-container\">\n\n<figure class=\"wp-block-image size-full\"><img decoding=\"async\" width=\"950\" height=\"950\" src=\"https:\/\/raduart.com\/wp-content\/uploads\/Kunstkalender-2021-August-Radu-Maier.jpg\" alt=\"- | Galerie RADUART\" class=\"wp-image-6654\" title=\"- | Galerie RADUART\" srcset=\"https:\/\/raduart.com\/wp-content\/uploads\/Kunstkalender-2021-August-Radu-Maier.jpg 950w, https:\/\/raduart.com\/wp-content\/uploads\/Kunstkalender-2021-August-Radu-Maier-400x400.jpg 400w, https:\/\/raduart.com\/wp-content\/uploads\/Kunstkalender-2021-August-Radu-Maier-100x100.jpg 100w, https:\/\/raduart.com\/wp-content\/uploads\/Kunstkalender-2021-August-Radu-Maier-600x600.jpg 600w, https:\/\/raduart.com\/wp-content\/uploads\/Kunstkalender-2021-August-Radu-Maier-300x300.jpg 300w, https:\/\/raduart.com\/wp-content\/uploads\/Kunstkalender-2021-August-Radu-Maier-150x150.jpg 150w, https:\/\/raduart.com\/wp-content\/uploads\/Kunstkalender-2021-August-Radu-Maier-768x768.jpg 768w\" sizes=\"(max-width: 950px) 100vw, 950px\" \/><\/figure>\n\n\n\n<h2 class=\"gb-headline gb-headline-4fd954e9 gb-headline-text\">Calendar de art\u0103 2022<\/h2>\n\n\n\n<p class=\"gb-headline gb-headline-920b01bc gb-headline-text\">Dori\u021bi s\u0103 achizi\u021biona\u021bi picturi \u00een<br>format mic? Comanda\u021bi aici acest calendar<br>minunat.<\/p>\n\n\n<div class=\"gb-button-wrapper gb-button-wrapper-83dccbe3\">\n\n<a class=\"gb-button gb-button-a660ceb9\" href=\"https:\/\/raduart.com\/ro\/opere-de-arta\/calendar-de-arta\/\"><span class=\"gb-button-text\"> Comand calendar de art\u0103<\/span><span class=\"gb-icon\"><svg aria-hidden=\"true\" role=\"img\" height=\"1em\" width=\"1em\" viewBox=\"0 0 256 512\" xmlns=\"http:\/\/www.w3.org\/2000\/svg\"><path fill=\"currentColor\" d=\"M224.3 273l-136 136c-9.4 9.4-24.6 9.4-33.9 0l-22.6-22.6c-9.4-9.4-9.4-24.6 0-33.9l96.4-96.4-96.4-96.4c-9.4-9.4-9.4-24.6 0-33.9L54.3 103c9.4-9.4 24.6-9.4 33.9 0l136 136c9.5 9.4 9.5 24.6.1 34z\"><\/path><\/svg><\/span><\/a>\n\n<\/div>\n<\/div><\/div><\/div>\n\n<div class=\"gb-grid-column gb-grid-column-11dc6111\"><div class=\"gb-container gb-container-11dc6111 box-shadow\"><div class=\"gb-inside-container\">\n\n<figure class=\"wp-block-image size-large\"><img decoding=\"async\" width=\"1024\" height=\"1024\" src=\"https:\/\/raduart.com\/wp-content\/uploads\/\/Kunstband-Radu-Anton-Maier-2-1024x1024.jpg\" alt=\"Album de art\u0103 contemporan\u0103\" class=\"wp-image-9391\" title=\"- | Galerie RADUART\" srcset=\"https:\/\/raduart.com\/wp-content\/uploads\/Kunstband-Radu-Anton-Maier-2-1024x1024.jpg 1024w, https:\/\/raduart.com\/wp-content\/uploads\/Kunstband-Radu-Anton-Maier-2-400x400.jpg 400w, https:\/\/raduart.com\/wp-content\/uploads\/Kunstband-Radu-Anton-Maier-2-100x100.jpg 100w, https:\/\/raduart.com\/wp-content\/uploads\/Kunstband-Radu-Anton-Maier-2-600x600.jpg 600w, https:\/\/raduart.com\/wp-content\/uploads\/Kunstband-Radu-Anton-Maier-2-300x300.jpg 300w, https:\/\/raduart.com\/wp-content\/uploads\/Kunstband-Radu-Anton-Maier-2-150x150.jpg 150w, https:\/\/raduart.com\/wp-content\/uploads\/Kunstband-Radu-Anton-Maier-2-768x768.jpg 768w, https:\/\/raduart.com\/wp-content\/uploads\/Kunstband-Radu-Anton-Maier-2.jpg 1200w\" sizes=\"(max-width: 1024px) 100vw, 1024px\" \/><\/figure>\n\n\n\n<h2 class=\"gb-headline gb-headline-0c23fa7b gb-headline-text\">Album de art\u0103<\/h2>\n\n\n\n<p class=\"gb-headline gb-headline-3fc7541b gb-headline-text\">Lucr\u0103ri din ultimii 15 ani, reunite \u00eentr-un album de art\u0103 de \u00eenalt\u0103 calitate.<\/p>\n\n\n<div class=\"gb-button-wrapper gb-button-wrapper-42a58067\">\n\n<a class=\"gb-button gb-button-400ad0a2\" href=\"https:\/\/raduart.com\/ro\/album-de-arta\/\"><span class=\"gb-button-text\">Comand album de art\u0103<\/span><span class=\"gb-icon\"><svg aria-hidden=\"true\" role=\"img\" height=\"1em\" width=\"1em\" viewBox=\"0 0 256 512\" xmlns=\"http:\/\/www.w3.org\/2000\/svg\"><path fill=\"currentColor\" d=\"M224.3 273l-136 136c-9.4 9.4-24.6 9.4-33.9 0l-22.6-22.6c-9.4-9.4-9.4-24.6 0-33.9l96.4-96.4-96.4-96.4c-9.4-9.4-9.4-24.6 0-33.9L54.3 103c9.4-9.4 24.6-9.4 33.9 0l136 136c9.5 9.4 9.5 24.6.1 34z\"><\/path><\/svg><\/span><\/a>\n\n<\/div>\n<\/div><\/div><\/div>\n<\/div>\n<\/div><\/div>\n\n\n<p><\/p>\n","protected":false},"excerpt":{"rendered":"","protected":false},"author":1,"featured_media":0,"parent":0,"menu_order":0,"comment_status":"closed","ping_status":"closed","template":"","meta":{"_acf_changed":false,"pgc_sgb_lightbox_settings":"","footnotes":""},"class_list":{"0":"post-5393","1":"page","2":"type-page","3":"status-publish","5":"infinite-scroll-item"},"acf":[],"_links":{"self":[{"href":"https:\/\/raduart.com\/ro\/wp-json\/wp\/v2\/pages\/5393","targetHints":{"allow":["GET"]}}],"collection":[{"href":"https:\/\/raduart.com\/ro\/wp-json\/wp\/v2\/pages"}],"about":[{"href":"https:\/\/raduart.com\/ro\/wp-json\/wp\/v2\/types\/page"}],"author":[{"embeddable":true,"href":"https:\/\/raduart.com\/ro\/wp-json\/wp\/v2\/users\/1"}],"replies":[{"embeddable":true,"href":"https:\/\/raduart.com\/ro\/wp-json\/wp\/v2\/comments?post=5393"}],"version-history":[{"count":0,"href":"https:\/\/raduart.com\/ro\/wp-json\/wp\/v2\/pages\/5393\/revisions"}],"wp:attachment":[{"href":"https:\/\/raduart.com\/ro\/wp-json\/wp\/v2\/media?parent=5393"}],"curies":[{"name":"wp","href":"https:\/\/api.w.org\/{rel}","templated":true}]}}